{"id":1359,"date":"2024-08-25T10:17:26","date_gmt":"2024-08-25T08:17:26","guid":{"rendered":"https:\/\/nordic-camper.de\/?page_id=1359"},"modified":"2025-05-25T15:54:27","modified_gmt":"2025-05-25T13:54:27","slug":"ueber-uns","status":"publish","type":"page","link":"https:\/\/nordic-camper.de\/?page_id=1359","title":{"rendered":"\u00dcber uns"},"content":{"rendered":"\n<hr class=\"wp-block-separator has-alpha-channel-opacity\"\/>\n\n\n\n<p>Wir sind eine vierk\u00f6pfige Familie aus Leipzig und seit 2018 mit unserem Wohnwagen unterwegs. Was als kleines Abenteuer begann, ist mittlerweile zu einem festen Bestandteil unseres Familienlebens geworden, wann immer es die Zeit erlaubt.<\/p>\n\n\n\n<p>Unsere gro\u00dfe Reiseliebe gilt dem Norden Europas, ganz besonders\u00a0Schweden. Die endlosen W\u00e4lder, glitzernden Seen, roten Holzh\u00e4uschen und die Ruhe der Natur haben uns von Anfang an verzaubert. F\u00fcr uns gibt es kaum etwas Sch\u00f6neres, als mit dem Wohnwagen durch Skandinavien zu reisen, mitten in der Natur aufzuwachen und den Tag ohne Plan, aber mit offenen Augen zu beginnen.<\/p>\n\n\n\n<p>Ob am Meer, in den Bergen oder auf einem abgelegenen Stellplatz irgendwo im Nirgendwo \u2013 wir genie\u00dfen das einfache, entschleunigte Leben auf Reisen. Es sind diese stillen, echten Momente, die uns lange im Herzen bleiben.<\/p>\n\n\n\n<p>Im Sommer 2023 haben wir deshalb diesen privaten Blog ins Leben gerufen. Einerseits, um unsere Erlebnisse mit Familie und Freunden zu teilen und andererseits, um all die sch\u00f6nen Erinnerungen festzuhalten. F\u00fcr uns ist dieser Blog ein digitales Reisetagebuch: pers\u00f6nlich, ehrlich und mit ganz viel Herz.<\/p>\n\n\n\n<p>Sch\u00f6n, dass ihr mit dabei seid und uns auf unseren kleinen und gro\u00dfen Reisen begleitet!<\/p>\n\n\n\n<p>Eure Nordic-Camper!<\/p>\n","protected":false},"excerpt":{"rendered":"<p>Wir sind eine vierk\u00f6pfige Familie aus Leipzig und seit 2018 mit unserem Wohnwagen unterwegs. Was als kleines Abenteuer begann, ist mittlerweile zu einem festen Bestandteil unseres Familienlebens geworden, wann immer es die Zeit erlaubt. Unsere gro\u00dfe Reiseliebe gilt dem Norden Europas, ganz besonders\u00a0Schweden. Die endlosen W\u00e4lder, glitzernden Seen, roten Holzh\u00e4uschen und die Ruhe der&#8230;<\/p>\n<p class=\"read-more\"><a class=\"btn btn-default\" href=\"https:\/\/nordic-camper.de\/?page_id=1359\"> Mehr lesen<span class=\"screen-reader-text\">  Mehr lesen<\/span><\/a><\/p>\n","protected":false},"author":3,"featured_media":0,"parent":0,"menu_order":0,"comment_status":"closed","ping_status":"closed","template":"template-no-sidebar.php","meta":{"footnotes":""},"class_list":["post-1359","page","type-page","status-publish","hentry"],"_links":{"self":[{"href":"https:\/\/nordic-camper.de\/index.php?rest_route=\/wp\/v2\/pages\/1359","targetHints":{"allow":["GET"]}}],"collection":[{"href":"https:\/\/nordic-camper.de\/index.php?rest_route=\/wp\/v2\/pages"}],"about":[{"href":"https:\/\/nordic-camper.de\/index.php?rest_route=\/wp\/v2\/types\/page"}],"author":[{"embeddable":true,"href":"https:\/\/nordic-camper.de\/index.php?rest_route=\/wp\/v2\/users\/3"}],"replies":[{"embeddable":true,"href":"https:\/\/nordic-camper.de\/index.php?rest_route=%2Fwp%2Fv2%2Fcomments&post=1359"}],"version-history":[{"count":6,"href":"https:\/\/nordic-camper.de\/index.php?rest_route=\/wp\/v2\/pages\/1359\/revisions"}],"predecessor-version":[{"id":1933,"href":"https:\/\/nordic-camper.de\/index.php?rest_route=\/wp\/v2\/pages\/1359\/revisions\/1933"}],"wp:attachment":[{"href":"https:\/\/nordic-camper.de\/index.php?rest_route=%2Fwp%2Fv2%2Fmedia&parent=1359"}],"curies":[{"name":"wp","href":"https:\/\/api.w.org\/{rel}","templated":true}]}}