{"id":1809,"date":"2025-04-22T18:45:42","date_gmt":"2025-04-22T16:45:42","guid":{"rendered":"https:\/\/nordic-camper.de\/?page_id=1809"},"modified":"2025-05-11T16:41:49","modified_gmt":"2025-05-11T14:41:49","slug":"ostern-2025-stechow","status":"publish","type":"page","link":"https:\/\/nordic-camper.de\/?page_id=1809","title":{"rendered":"Ostern 2025 &#8211; Stechow"},"content":{"rendered":"\n<hr class=\"wp-block-separator has-alpha-channel-opacity\"\/>\n\n\n\n<p><strong>Familie, Entspannung, Stand up, Baden und kein Netz!<\/strong><br><br>So waren unsere Osterfeiertage 2025 in Stechow, genauer in Stechow-Ferchesar im Landkreis Havelland.<\/p>\n\n\n\n<p>Da unsere ganze Familie dem Campingwahn verfallen ist, versuchen wir einmal im Jahr ein paar Tage zusammen zu verbringen -dieses Jahr in Brandenburg.<\/p>\n\n\n\n<p>Ein recht gro\u00dfer, aber sehr gepflegter Platz in Mitten von Wald und direkt am See gelegen, mit allen erdenklichen Sportm\u00f6glichkeiten, wohnen hier sogar Ziegen und ein Pony. Das Handynetz und Platz-WLan ist etwas schwachbr\u00fcstig, aber das tut auch mal gut. Hier ist auf jeden Fall f\u00fcr jeden etwas dabei!<\/p>\n\n\n\n<p>Aufgrund des doch recht k\u00fchlen und wechselhaften Wetters konnte man nicht wirklich Planen. Regen gab es zum Gl\u00fcck nur einmal und das in der Nacht. Dennoch konnten wir einen Ausflug an einen unweit gelegenen Lost Place machen und staunten, wie schnell die Natur sich alles zur\u00fcckholt. Es war ein altes Ferienlager (Tegeland), welches 2006 das letzte Mal aktiv genutzt wurde. Seit diesem Zeitpunkt ist das Lager dem Verfall ausgesetzt. 40.000 m\u00b2 teils M\u00fcllhalde, teils traurige Geschichte sicherlich sch\u00f6ner Tage.<\/p>\n\n\n<div class=\"wp-block-image\">\n<figure class=\"aligncenter size-full\"><img loading=\"lazy\" decoding=\"async\" width=\"1000\" height=\"667\" src=\"https:\/\/nordic-camper.de\/wp-content\/uploads\/2025\/04\/IMG_0034.jpg\" alt=\"\" class=\"wp-image-1818\" srcset=\"https:\/\/nordic-camper.de\/wp-content\/uploads\/2025\/04\/IMG_0034.jpg 1000w, https:\/\/nordic-camper.de\/wp-content\/uploads\/2025\/04\/IMG_0034-300x200.jpg 300w, https:\/\/nordic-camper.de\/wp-content\/uploads\/2025\/04\/IMG_0034-768x512.jpg 768w, https:\/\/nordic-camper.de\/wp-content\/uploads\/2025\/04\/IMG_0034-405x270.jpg 405w, https:\/\/nordic-camper.de\/wp-content\/uploads\/2025\/04\/IMG_0034-850x567.jpg 850w\" sizes=\"auto, (max-width: 1000px) 100vw, 1000px\" \/><\/figure>\n<\/div>\n\n<div class=\"wp-block-image\">\n<figure class=\"aligncenter size-full\"><img loading=\"lazy\" decoding=\"async\" width=\"1000\" height=\"667\" src=\"https:\/\/nordic-camper.de\/wp-content\/uploads\/2025\/04\/IMG_0035.jpg\" alt=\"\" class=\"wp-image-1819\" srcset=\"https:\/\/nordic-camper.de\/wp-content\/uploads\/2025\/04\/IMG_0035.jpg 1000w, https:\/\/nordic-camper.de\/wp-content\/uploads\/2025\/04\/IMG_0035-300x200.jpg 300w, https:\/\/nordic-camper.de\/wp-content\/uploads\/2025\/04\/IMG_0035-768x512.jpg 768w, https:\/\/nordic-camper.de\/wp-content\/uploads\/2025\/04\/IMG_0035-405x270.jpg 405w, https:\/\/nordic-camper.de\/wp-content\/uploads\/2025\/04\/IMG_0035-850x567.jpg 850w\" sizes=\"auto, (max-width: 1000px) 100vw, 1000px\" \/><\/figure>\n<\/div>\n\n\n<div class=\"wp-block-columns is-layout-flex wp-container-core-columns-is-layout-9d6595d7 wp-block-columns-is-layout-flex\">\n<div class=\"wp-block-column is-layout-flow wp-block-column-is-layout-flow\"><div class=\"wp-block-image\">\n<figure class=\"aligncenter size-full\"><img loading=\"lazy\" decoding=\"async\" width=\"667\" height=\"1000\" src=\"https:\/\/nordic-camper.de\/wp-content\/uploads\/2025\/04\/IMG_0045.jpg\" alt=\"\" class=\"wp-image-1820\" srcset=\"https:\/\/nordic-camper.de\/wp-content\/uploads\/2025\/04\/IMG_0045.jpg 667w, https:\/\/nordic-camper.de\/wp-content\/uploads\/2025\/04\/IMG_0045-200x300.jpg 200w, https:\/\/nordic-camper.de\/wp-content\/uploads\/2025\/04\/IMG_0045-180x270.jpg 180w\" sizes=\"auto, (max-width: 667px) 100vw, 667px\" \/><\/figure>\n<\/div><\/div>\n\n\n\n<div class=\"wp-block-column is-layout-flow wp-block-column-is-layout-flow\"><div class=\"wp-block-image\">\n<figure class=\"aligncenter size-full\"><img loading=\"lazy\" decoding=\"async\" width=\"667\" height=\"1000\" src=\"https:\/\/nordic-camper.de\/wp-content\/uploads\/2025\/04\/IMG_0054.jpg\" alt=\"\" class=\"wp-image-1821\" srcset=\"https:\/\/nordic-camper.de\/wp-content\/uploads\/2025\/04\/IMG_0054.jpg 667w, https:\/\/nordic-camper.de\/wp-content\/uploads\/2025\/04\/IMG_0054-200x300.jpg 200w, https:\/\/nordic-camper.de\/wp-content\/uploads\/2025\/04\/IMG_0054-180x270.jpg 180w\" sizes=\"auto, (max-width: 667px) 100vw, 667px\" \/><\/figure>\n<\/div><\/div>\n<\/div>\n\n\n<div class=\"wp-block-image\">\n<figure class=\"aligncenter size-full\"><img loading=\"lazy\" decoding=\"async\" width=\"1000\" height=\"667\" src=\"https:\/\/nordic-camper.de\/wp-content\/uploads\/2025\/04\/IMG_0052.jpg\" alt=\"\" class=\"wp-image-1822\" srcset=\"https:\/\/nordic-camper.de\/wp-content\/uploads\/2025\/04\/IMG_0052.jpg 1000w, https:\/\/nordic-camper.de\/wp-content\/uploads\/2025\/04\/IMG_0052-300x200.jpg 300w, https:\/\/nordic-camper.de\/wp-content\/uploads\/2025\/04\/IMG_0052-768x512.jpg 768w, https:\/\/nordic-camper.de\/wp-content\/uploads\/2025\/04\/IMG_0052-405x270.jpg 405w, https:\/\/nordic-camper.de\/wp-content\/uploads\/2025\/04\/IMG_0052-850x567.jpg 850w\" sizes=\"auto, (max-width: 1000px) 100vw, 1000px\" \/><\/figure>\n<\/div>\n\n\n<div class=\"wp-block-columns is-layout-flex wp-container-core-columns-is-layout-9d6595d7 wp-block-columns-is-layout-flex\">\n<div class=\"wp-block-column is-layout-flow wp-block-column-is-layout-flow\"><div class=\"wp-block-image\">\n<figure class=\"aligncenter size-full\"><img loading=\"lazy\" decoding=\"async\" width=\"667\" height=\"1000\" src=\"https:\/\/nordic-camper.de\/wp-content\/uploads\/2025\/04\/IMG_0047.jpg\" alt=\"\" class=\"wp-image-1825\" srcset=\"https:\/\/nordic-camper.de\/wp-content\/uploads\/2025\/04\/IMG_0047.jpg 667w, https:\/\/nordic-camper.de\/wp-content\/uploads\/2025\/04\/IMG_0047-200x300.jpg 200w, https:\/\/nordic-camper.de\/wp-content\/uploads\/2025\/04\/IMG_0047-180x270.jpg 180w\" sizes=\"auto, (max-width: 667px) 100vw, 667px\" \/><\/figure>\n<\/div><\/div>\n\n\n\n<div class=\"wp-block-column is-layout-flow wp-block-column-is-layout-flow\"><div class=\"wp-block-image\">\n<figure class=\"aligncenter size-full\"><img loading=\"lazy\" decoding=\"async\" width=\"667\" height=\"1000\" src=\"https:\/\/nordic-camper.de\/wp-content\/uploads\/2025\/04\/IMG_0055.jpg\" alt=\"\" class=\"wp-image-1824\" srcset=\"https:\/\/nordic-camper.de\/wp-content\/uploads\/2025\/04\/IMG_0055.jpg 667w, https:\/\/nordic-camper.de\/wp-content\/uploads\/2025\/04\/IMG_0055-200x300.jpg 200w, https:\/\/nordic-camper.de\/wp-content\/uploads\/2025\/04\/IMG_0055-180x270.jpg 180w\" sizes=\"auto, (max-width: 667px) 100vw, 667px\" \/><\/figure>\n<\/div><\/div>\n<\/div>\n\n\n<div class=\"wp-block-image\">\n<figure class=\"aligncenter size-full\"><img loading=\"lazy\" decoding=\"async\" width=\"1000\" height=\"667\" src=\"https:\/\/nordic-camper.de\/wp-content\/uploads\/2025\/04\/IMG_0057.jpg\" alt=\"\" class=\"wp-image-1830\" srcset=\"https:\/\/nordic-camper.de\/wp-content\/uploads\/2025\/04\/IMG_0057.jpg 1000w, https:\/\/nordic-camper.de\/wp-content\/uploads\/2025\/04\/IMG_0057-300x200.jpg 300w, https:\/\/nordic-camper.de\/wp-content\/uploads\/2025\/04\/IMG_0057-768x512.jpg 768w, https:\/\/nordic-camper.de\/wp-content\/uploads\/2025\/04\/IMG_0057-405x270.jpg 405w, https:\/\/nordic-camper.de\/wp-content\/uploads\/2025\/04\/IMG_0057-850x567.jpg 850w\" sizes=\"auto, (max-width: 1000px) 100vw, 1000px\" \/><\/figure>\n<\/div>\n\n\n<p>Am Sonntag machte das Wetter seinem Namen alle Ehre und es war herrlichster Sonnenschein und somit ab auf\u2019s SUP und zum Baden in den noch kalten See oder ab zum Volleyball spielen.<br>Vielen Dank an meine Schwester f\u00fcr die Videos von oben.<br>Am Abend dann noch einmal den Grill angeworfen und den Sonnenuntergang \u00fcber den B\u00e4umen bestaunt.<\/p>\n\n\n\n<figure class=\"wp-block-video aligncenter\"><video height=\"540\" style=\"aspect-ratio: 960 \/ 540;\" width=\"960\" controls src=\"https:\/\/nordic-camper.de\/wp-content\/uploads\/2025\/04\/BranVi1_up-1.mp4\"><\/video><\/figure>\n\n\n\n<p><\/p>\n\n\n\n<figure class=\"wp-block-video\"><video height=\"540\" style=\"aspect-ratio: 960 \/ 540;\" width=\"960\" controls src=\"https:\/\/nordic-camper.de\/wp-content\/uploads\/2025\/04\/BranVi2_up.mp4\"><\/video><\/figure>\n\n\n\n<p><\/p>\n\n\n<div class=\"wp-block-image\">\n<figure class=\"aligncenter size-full\"><img loading=\"lazy\" decoding=\"async\" width=\"1000\" height=\"667\" src=\"https:\/\/nordic-camper.de\/wp-content\/uploads\/2025\/04\/IMG_0120-Verbessert-RR.jpg\" alt=\"\" class=\"wp-image-1832\" srcset=\"https:\/\/nordic-camper.de\/wp-content\/uploads\/2025\/04\/IMG_0120-Verbessert-RR.jpg 1000w, https:\/\/nordic-camper.de\/wp-content\/uploads\/2025\/04\/IMG_0120-Verbessert-RR-300x200.jpg 300w, https:\/\/nordic-camper.de\/wp-content\/uploads\/2025\/04\/IMG_0120-Verbessert-RR-768x512.jpg 768w, https:\/\/nordic-camper.de\/wp-content\/uploads\/2025\/04\/IMG_0120-Verbessert-RR-405x270.jpg 405w, https:\/\/nordic-camper.de\/wp-content\/uploads\/2025\/04\/IMG_0120-Verbessert-RR-850x567.jpg 850w\" sizes=\"auto, (max-width: 1000px) 100vw, 1000px\" \/><figcaption class=\"wp-element-caption\">Der letzte Abend -die Natur malt immer noch die sch\u00f6nsten Bilder!<\/figcaption><\/figure>\n<\/div>\n\n\n<p>In gut 14 Tagen, p\u00fcnktlich zum 1. Mai gehts dann schon f\u00fcr ein Verl\u00e4ngertes Wochenende weiter in den Landkreis W\u00fcrzburg nach Erlabrunn. Dort treffen wir Freunde aus dem s\u00fcdlichen Ende der Nation.<\/p>\n","protected":false},"excerpt":{"rendered":"<p>Familie, Entspannung, Stand up, Baden und kein Netz! So waren unsere Osterfeiertage 2025 in Stechow, genauer in Stechow-Ferchesar im Landkreis Havelland. Da unsere ganze Familie dem Campingwahn verfallen ist, versuchen wir einmal im Jahr ein paar Tage zusammen zu verbringen -dieses Jahr in Brandenburg. Ein recht gro\u00dfer, aber sehr gepflegter Platz in Mitten von&#8230;<\/p>\n<p class=\"read-more\"><a class=\"btn btn-default\" href=\"https:\/\/nordic-camper.de\/?page_id=1809\"> Mehr lesen<span class=\"screen-reader-text\">  Mehr lesen<\/span><\/a><\/p>\n","protected":false},"author":3,"featured_media":0,"parent":0,"menu_order":0,"comment_status":"closed","ping_status":"closed","template":"","meta":{"footnotes":""},"class_list":["post-1809","page","type-page","status-publish","hentry"],"_links":{"self":[{"href":"https:\/\/nordic-camper.de\/index.php?rest_route=\/wp\/v2\/pages\/1809","targetHints":{"allow":["GET"]}}],"collection":[{"href":"https:\/\/nordic-camper.de\/index.php?rest_route=\/wp\/v2\/pages"}],"about":[{"href":"https:\/\/nordic-camper.de\/index.php?rest_route=\/wp\/v2\/types\/page"}],"author":[{"embeddable":true,"href":"https:\/\/nordic-camper.de\/index.php?rest_route=\/wp\/v2\/users\/3"}],"replies":[{"embeddable":true,"href":"https:\/\/nordic-camper.de\/index.php?rest_route=%2Fwp%2Fv2%2Fcomments&post=1809"}],"version-history":[{"count":31,"href":"https:\/\/nordic-camper.de\/index.php?rest_route=\/wp\/v2\/pages\/1809\/revisions"}],"predecessor-version":[{"id":1925,"href":"https:\/\/nordic-camper.de\/index.php?rest_route=\/wp\/v2\/pages\/1809\/revisions\/1925"}],"wp:attachment":[{"href":"https:\/\/nordic-camper.de\/index.php?rest_route=%2Fwp%2Fv2%2Fmedia&parent=1809"}],"curies":[{"name":"wp","href":"https:\/\/api.w.org\/{rel}","templated":true}]}}