{"id":1952,"date":"2025-06-14T11:26:28","date_gmt":"2025-06-14T09:26:28","guid":{"rendered":"https:\/\/nordic-camper.de\/?page_id=1952"},"modified":"2025-06-15T19:12:36","modified_gmt":"2025-06-15T17:12:36","slug":"mai-2025-weida","status":"publish","type":"page","link":"https:\/\/nordic-camper.de\/?page_id=1952","title":{"rendered":"Mai 2025 &#8211; Weida"},"content":{"rendered":"\n<hr class=\"wp-block-separator has-alpha-channel-opacity\"\/>\n\n\n\n<p><strong>Campingurlaub in Weida \u2013 Kultur, Natur und der Charme des Unbest\u00e4ndigen<\/strong>.<\/p>\n\n\n\n<p>Zum dritten Mal in Folge haben wir unseren Campingurlaub \u00fcber Himmelfahrt und Pfingsten in Weida verbracht. Es ist fast schon eine kleine Tradition geworden \u2013 und auch wenn das Wetter in diesem Jahr besonders unbest\u00e4ndig war, mit einem st\u00e4ndigen Wechsel zwischen Sonne, Regen und Wind, lie\u00dfen wir uns die Laune nicht verderben.<\/p>\n\n\n\n<p>Trotz der Wetterkapriolen konnten wir einige wunderbare Ausfl\u00fcge unternehmen. Besonders beeindruckend waren unsere Tage in&nbsp;Weimar, wo wir tief in die Welt von Johann Wolfgang von Goethe eingetaucht sind.<\/p>\n\n\n\n<p>Ein erster Stopp f\u00fchrte uns zu&nbsp;Goethes Gartenhaus&nbsp;im idyllischen Park an der Ilm. Dieses kleine, schlichte Haus war Goethes erster Wohnsitz in Weimar. Er bekam es 1776 vom Herzog geschenkt und verbrachte hier einige pr\u00e4gende Jahre. Im Gartenhaus schrieb er unter anderem an \u201eFaust\u201c und genoss die Ruhe der Natur \u2013 heute kann man das Haus originalgetreu besichtigen und einen Eindruck vom Alltag des jungen Goethe gewinnen.<\/p>\n\n\n\n<div class=\"wp-block-columns is-layout-flex wp-container-core-columns-is-layout-9d6595d7 wp-block-columns-is-layout-flex\">\n<div class=\"wp-block-column is-layout-flow wp-block-column-is-layout-flow\"><div class=\"wp-block-image\">\n<figure class=\"aligncenter size-full\"><img loading=\"lazy\" decoding=\"async\" width=\"1000\" height=\"750\" src=\"https:\/\/nordic-camper.de\/wp-content\/uploads\/2025\/06\/IMG_5802.jpg\" alt=\"\" class=\"wp-image-1975\" srcset=\"https:\/\/nordic-camper.de\/wp-content\/uploads\/2025\/06\/IMG_5802.jpg 1000w, https:\/\/nordic-camper.de\/wp-content\/uploads\/2025\/06\/IMG_5802-300x225.jpg 300w, https:\/\/nordic-camper.de\/wp-content\/uploads\/2025\/06\/IMG_5802-768x576.jpg 768w, https:\/\/nordic-camper.de\/wp-content\/uploads\/2025\/06\/IMG_5802-360x270.jpg 360w, https:\/\/nordic-camper.de\/wp-content\/uploads\/2025\/06\/IMG_5802-850x638.jpg 850w\" sizes=\"auto, (max-width: 1000px) 100vw, 1000px\" \/><\/figure>\n<\/div>\n\n<div class=\"wp-block-image\">\n<figure class=\"aligncenter size-full\"><img loading=\"lazy\" decoding=\"async\" width=\"750\" height=\"1000\" src=\"https:\/\/nordic-camper.de\/wp-content\/uploads\/2025\/06\/IMG_5794.jpg\" alt=\"\" class=\"wp-image-1976\" srcset=\"https:\/\/nordic-camper.de\/wp-content\/uploads\/2025\/06\/IMG_5794.jpg 750w, https:\/\/nordic-camper.de\/wp-content\/uploads\/2025\/06\/IMG_5794-225x300.jpg 225w, https:\/\/nordic-camper.de\/wp-content\/uploads\/2025\/06\/IMG_5794-203x270.jpg 203w\" sizes=\"auto, (max-width: 750px) 100vw, 750px\" \/><\/figure>\n<\/div><\/div>\n<\/div>\n\n\n\n<p>Anschlie\u00dfend besuchten wir&nbsp;Goethes Wohnhaus am Frauenplan, sein Hauptwohnsitz ab 1782 bis zu seinem Tod 1832. Dort ist heute das&nbsp;Goethe-Nationalmuseum&nbsp;untergebracht, in dem man nicht nur die originalen Wohnr\u00e4ume, sondern auch seine Arbeitszimmer, Bibliothek und zahlreiche pers\u00f6nliche Gegenst\u00e4nde bestaunen kann. Ein beeindruckender Ort, der Goethes Vielseitigkeit als Dichter, Naturforscher und Staatsmann lebendig werden l\u00e4sst.<\/p>\n\n\n<div class=\"wp-block-image\">\n<figure class=\"aligncenter size-full\"><img loading=\"lazy\" decoding=\"async\" width=\"750\" height=\"1000\" src=\"https:\/\/nordic-camper.de\/wp-content\/uploads\/2025\/06\/IMG_0764.jpg\" alt=\"\" class=\"wp-image-1980\" srcset=\"https:\/\/nordic-camper.de\/wp-content\/uploads\/2025\/06\/IMG_0764.jpg 750w, https:\/\/nordic-camper.de\/wp-content\/uploads\/2025\/06\/IMG_0764-225x300.jpg 225w, https:\/\/nordic-camper.de\/wp-content\/uploads\/2025\/06\/IMG_0764-203x270.jpg 203w\" sizes=\"auto, (max-width: 750px) 100vw, 750px\" \/><\/figure>\n<\/div>\n\n\n<p>Ein weiteres Highlight war das barocke&nbsp;Schloss Belvedere, etwas au\u00dferhalb von Weimar gelegen. Das ehemalige Lustschloss ist von einem weitl\u00e4ufigen Park umgeben und beherbergt heute eine Kunstsammlung mit M\u00f6beln, Porzellan und Kunsthandwerk aus dem 18. Jahrhundert. Die prunkvollen Innenr\u00e4ume und der gepflegte Schlossgarten luden uns zum Staunen und Verweilen ein.<\/p>\n\n\n\n<div class=\"wp-block-columns is-layout-flex wp-container-core-columns-is-layout-9d6595d7 wp-block-columns-is-layout-flex\">\n<div class=\"wp-block-column is-layout-flow wp-block-column-is-layout-flow\"><div class=\"wp-block-image\">\n<figure class=\"aligncenter size-full\"><img loading=\"lazy\" decoding=\"async\" width=\"1000\" height=\"750\" src=\"https:\/\/nordic-camper.de\/wp-content\/uploads\/2025\/06\/IMG_5874.jpg\" alt=\"\" class=\"wp-image-1968\" srcset=\"https:\/\/nordic-camper.de\/wp-content\/uploads\/2025\/06\/IMG_5874.jpg 1000w, https:\/\/nordic-camper.de\/wp-content\/uploads\/2025\/06\/IMG_5874-300x225.jpg 300w, https:\/\/nordic-camper.de\/wp-content\/uploads\/2025\/06\/IMG_5874-768x576.jpg 768w, https:\/\/nordic-camper.de\/wp-content\/uploads\/2025\/06\/IMG_5874-360x270.jpg 360w, https:\/\/nordic-camper.de\/wp-content\/uploads\/2025\/06\/IMG_5874-850x638.jpg 850w\" sizes=\"auto, (max-width: 1000px) 100vw, 1000px\" \/><\/figure>\n<\/div><\/div>\n<\/div>\n\n\n<div class=\"wp-block-image\">\n<figure class=\"aligncenter size-full\"><img loading=\"lazy\" decoding=\"async\" width=\"1000\" height=\"750\" src=\"https:\/\/nordic-camper.de\/wp-content\/uploads\/2025\/06\/IMG_0969.jpg\" alt=\"\" class=\"wp-image-1963\" srcset=\"https:\/\/nordic-camper.de\/wp-content\/uploads\/2025\/06\/IMG_0969.jpg 1000w, https:\/\/nordic-camper.de\/wp-content\/uploads\/2025\/06\/IMG_0969-300x225.jpg 300w, https:\/\/nordic-camper.de\/wp-content\/uploads\/2025\/06\/IMG_0969-768x576.jpg 768w, https:\/\/nordic-camper.de\/wp-content\/uploads\/2025\/06\/IMG_0969-360x270.jpg 360w, https:\/\/nordic-camper.de\/wp-content\/uploads\/2025\/06\/IMG_0969-850x638.jpg 850w\" sizes=\"auto, (max-width: 1000px) 100vw, 1000px\" \/><\/figure>\n<\/div>\n\n\n<p>Zur\u00fcck in der Natur, zog es uns auf die Talsperre, wo wir mit dem&nbsp;SUP paddeln&nbsp;gingen \u2013 ein sportlicher Ausgleich zu all der Kultur und ein besonderes Erlebnis auf dem Wasser. Auch wenn der Himmel sich zwischendurch verdunkelte, lies es sich aushalten.<\/p>\n\n\n<div class=\"wp-block-image\">\n<figure class=\"aligncenter size-full\"><img loading=\"lazy\" decoding=\"async\" width=\"1000\" height=\"750\" src=\"https:\/\/nordic-camper.de\/wp-content\/uploads\/2025\/06\/IMG_5821.jpg\" alt=\"\" class=\"wp-image-1978\" srcset=\"https:\/\/nordic-camper.de\/wp-content\/uploads\/2025\/06\/IMG_5821.jpg 1000w, https:\/\/nordic-camper.de\/wp-content\/uploads\/2025\/06\/IMG_5821-300x225.jpg 300w, https:\/\/nordic-camper.de\/wp-content\/uploads\/2025\/06\/IMG_5821-768x576.jpg 768w, https:\/\/nordic-camper.de\/wp-content\/uploads\/2025\/06\/IMG_5821-360x270.jpg 360w, https:\/\/nordic-camper.de\/wp-content\/uploads\/2025\/06\/IMG_5821-850x638.jpg 850w\" sizes=\"auto, (max-width: 1000px) 100vw, 1000px\" \/><\/figure>\n<\/div>\n\n\n<p>Alles in allem war es wieder eine rundum gelungene Zeit mit einer tollen Mischung aus Erholung, Bewegung und Kultur. Weida bleibt f\u00fcr uns ein besonderer Ort der Entspannung und wird es n\u00e4chstes Jahr sogar das vierte Mal in Folge werden. Der Platz ist bereits gebucht.<\/p>\n\n\n\n<blockquote class=\"wp-block-quote is-layout-flow wp-block-quote-is-layout-flow\">\n<p>Wissen allein gen\u00fcgt nicht, wir m\u00fcssen es auch anwenden. Wollen allein gen\u00fcgt nicht, wir m\u00fcssen es auch tun.<br>Johann Wolfgang von Goethe, *28. August 1749 \u2013 \u202022. M\u00e4rz 1832<\/p>\n<\/blockquote>\n","protected":false},"excerpt":{"rendered":"<p>Campingurlaub in Weida \u2013 Kultur, Natur und der Charme des Unbest\u00e4ndigen. Zum dritten Mal in Folge haben wir unseren Campingurlaub \u00fcber Himmelfahrt und Pfingsten in Weida verbracht. Es ist fast schon eine kleine Tradition geworden \u2013 und auch wenn das Wetter in diesem Jahr besonders unbest\u00e4ndig war, mit einem st\u00e4ndigen Wechsel zwischen Sonne, Regen&#8230;<\/p>\n<p class=\"read-more\"><a class=\"btn btn-default\" href=\"https:\/\/nordic-camper.de\/?page_id=1952\"> Mehr lesen<span class=\"screen-reader-text\">  Mehr lesen<\/span><\/a><\/p>\n","protected":false},"author":3,"featured_media":0,"parent":0,"menu_order":0,"comment_status":"closed","ping_status":"closed","template":"","meta":{"footnotes":""},"class_list":["post-1952","page","type-page","status-publish","hentry"],"_links":{"self":[{"href":"https:\/\/nordic-camper.de\/index.php?rest_route=\/wp\/v2\/pages\/1952","targetHints":{"allow":["GET"]}}],"collection":[{"href":"https:\/\/nordic-camper.de\/index.php?rest_route=\/wp\/v2\/pages"}],"about":[{"href":"https:\/\/nordic-camper.de\/index.php?rest_route=\/wp\/v2\/types\/page"}],"author":[{"embeddable":true,"href":"https:\/\/nordic-camper.de\/index.php?rest_route=\/wp\/v2\/users\/3"}],"replies":[{"embeddable":true,"href":"https:\/\/nordic-camper.de\/index.php?rest_route=%2Fwp%2Fv2%2Fcomments&post=1952"}],"version-history":[{"count":15,"href":"https:\/\/nordic-camper.de\/index.php?rest_route=\/wp\/v2\/pages\/1952\/revisions"}],"predecessor-version":[{"id":1988,"href":"https:\/\/nordic-camper.de\/index.php?rest_route=\/wp\/v2\/pages\/1952\/revisions\/1988"}],"wp:attachment":[{"href":"https:\/\/nordic-camper.de\/index.php?rest_route=%2Fwp%2Fv2%2Fmedia&parent=1952"}],"curies":[{"name":"wp","href":"https:\/\/api.w.org\/{rel}","templated":true}]}}