{"id":3,"date":"2023-02-16T10:50:14","date_gmt":"2023-02-16T09:50:14","guid":{"rendered":"https:\/\/nordic-camper.de\/?page_id=3"},"modified":"2025-06-14T11:40:55","modified_gmt":"2025-06-14T09:40:55","slug":"datenschutzerklaerung","status":"publish","type":"page","link":"https:\/\/nordic-camper.de\/?page_id=3","title":{"rendered":"Impressum &amp; Datenschutzerkl\u00e4rung"},"content":{"rendered":"\n<hr class=\"wp-block-separator has-alpha-channel-opacity\"\/>\n\n\n\n<h2 class=\"wp-block-heading\">Wer wir sind<\/h2>\n\n\n\n<p>Eine private Webseite! Sollten Attraktionen oder spezielle Orte, wie zum Beispiel Campingpl\u00e4tze erw\u00e4hnt werden, geschieht dies aus freien St\u00fccken und ohne Gegenleistungen der jeweiligen Einrichtung. Wir\u00a0verfolgen hier keinerlei kommerzielle, wirtschaftliche oder politische Ziele.<\/p>\n\n\n\n<p>Die Adresse unserer Website lautet: https:\/\/nordic-camper.de (vormals https:\/\/blog.wagner.nu)<\/p>\n\n\n\n<p>Kontakt: kontakt(at)nordic-camper.de<\/p>\n\n\n\n<h2 class=\"wp-block-heading\">Bildrechte<\/h2>\n\n\n\n<p>Die gesamten Bildinhalte innerhalb dieser Internetpr\u00e4senz&nbsp;unterliegen, soweit nicht anders gekennzeichnet, dem&nbsp;Urheberrechtsgesetz. Eine Verwertung im kommerziellen und&nbsp;wirtschaftlichen Sinn bedarf einer ausdr\u00fccklichen, vorherigen&nbsp;Zustimmung seitens des Betreibers.<\/p>\n\n\n\n<h2 class=\"wp-block-heading\">Inhalt<\/h2>\n\n\n\n<p>Der Inhalt dieser Internetpr\u00e4senz wurde mit gr\u00f6\u00dfter Sorgfalt, nach&nbsp;bestem Wissen und Gewissen zusammengestellt. Der Betreiber dieser Internetpr\u00e4senz \u00fcbernimmt keine Haftung f\u00fcr Vollst\u00e4ndigkeit, Richtigkeit, Aktualit\u00e4t oder Verl\u00e4sslichkeit der dargestellten Inhalte.<\/p>\n\n\n\n<p>Inhalte mit namentlich genannten Autoren sind die Meinung des&nbsp;jeweiligen Autors, aber nicht zwingend die Meinung des Betreibers.<\/p>\n\n\n\n<h2 class=\"wp-block-heading\">Weiterf\u00fchrende Links<\/h2>\n\n\n\n<p>Sollten auf dieser Internetpr\u00e4senz zu irgendeinem Zeitpunkt Links&nbsp;zu Internetpr\u00e4senzen Dritter aufgef\u00fchrt werden, sogenannte externe Links, geschieht dies nur nach direkter Pr\u00fcfung auf deren Inhalt.<\/p>\n\n\n\n<p>Bei den verlinkten Internetpr\u00e4senzen handelt es sich um den Inhalt&nbsp;Dritter, f\u00fcr welche der Betreiber dieser Internetpr\u00e4senz nicht verantwortlich gemacht werden kann. Eine regelm\u00e4\u00dfige \u00dcberpr\u00fcfung der jeweiligen verlinkten Internetpr\u00e4senz auf Rechtm\u00e4\u00dfigkeit wird ausdr\u00fccklich nicht gew\u00e4hrleistet.<\/p>\n\n\n\n<p>Werden Kenntnisse von rechtswidrigen Inhalten auf den verlinkten&nbsp;Internetpr\u00e4senzen bekannt, werden diese Links unverz\u00fcglich entfernt.<\/p>\n\n\n\n<h2 class=\"wp-block-heading\">Kommentare \/ G\u00e4stebuch<\/h2>\n\n\n\n<p>Wenn Besucher Kommentare auf der Website schreiben, sammeln wir die Daten, die im Kommentar-Formular angezeigt werden, au\u00dferdem die IP-Adresse des Besuchers und den User-Agent-String (damit wird der Browser identifiziert), um die Erkennung von Spam zu unterst\u00fctzen.<\/p>\n\n\n\n<p>Aus deiner E-Mail-Adresse kann eine anonymisierte Zeichenfolge erstellt (auch Hash genannt) und dem Gravatar-Dienst \u00fcbergeben werden, um zu pr\u00fcfen, ob du diesen benutzt. Die Datenschutzerkl\u00e4rung des Gravatar-Dienstes findest du hier: https:\/\/automattic.com\/privacy\/. Nachdem dein Kommentar freigegeben wurde, ist dein Profilbild \u00f6ffentlich im Kontext deines Kommentars sichtbar.<\/p>\n\n\n\n<h2 class=\"wp-block-heading\">Medien<\/h2>\n\n\n\n<p>Wenn du ein registrierter Benutzer bist und Fotos auf diese Website l\u00e4dst, solltest du vermeiden, Fotos mit einem EXIF-GPS-Standort hochzuladen. Besucher dieser Website k\u00f6nnten Fotos, die auf dieser Website gespeichert sind, herunterladen und deren Standort-Informationen extrahieren.<\/p>\n\n\n\n<p>Eine Registrierung ist aktuell nicht m\u00f6glich und inaktiv.<\/p>\n\n\n\n<h2 class=\"wp-block-heading\">Cookies<\/h2>\n\n\n\n<p>Wenn du einen Kommentar auf unserer Website schreibst, kann das eine Einwilligung sein, deinen Namen, E-Mail-Adresse und Website in Cookies zu speichern. Dies ist eine Komfortfunktion, damit du nicht, wenn du einen weiteren Kommentar schreibst, all diese Daten erneut eingeben musst. Diese Cookies werden ein Jahr lang gespeichert.<\/p>\n\n\n\n<p>Falls du ein Konto hast und dich auf dieser Website anmeldest, werden wir ein tempor\u00e4res Cookie setzen, um festzustellen, ob dein Browser Cookies akzeptiert. Dieses Cookie enth\u00e4lt keine personenbezogenen Daten und wird verworfen, wenn du deinen Browser schlie\u00dft.<\/p>\n\n\n\n<p>Wenn du dich anmeldest, werden wir einige Cookies einrichten, um deine Anmeldeinformationen und Anzeigeoptionen zu speichern. Anmelde-Cookies verfallen nach zwei Tagen und Cookies f\u00fcr die Anzeigeoptionen nach einem Jahr. Falls du bei der Anmeldung \u201eAngemeldet bleiben\u201c ausw\u00e4hlst, wird deine Anmeldung zwei Wochen lang aufrechterhalten. Mit der Abmeldung aus deinem Konto werden die Anmelde-Cookies gel\u00f6scht.<\/p>\n\n\n\n<p>Wenn du einen Artikel bearbeitest oder ver\u00f6ffentlichst, wird ein zus\u00e4tzlicher Cookie in deinem Browser gespeichert. Dieser Cookie enth\u00e4lt keine personenbezogenen Daten und verweist nur auf die Beitrags-ID des Artikels, den du gerade bearbeitet hast. Der Cookie verf\u00e4llt nach einem Tag.<\/p>\n\n\n\n<h2 class=\"wp-block-heading\">Eingebettete Inhalte von anderen Websites<\/h2>\n\n\n\n<p>Beitr\u00e4ge auf dieser Website k\u00f6nnen eingebettete Inhalte beinhalten (z.&nbsp;B. Videos, Bilder, Beitr\u00e4ge etc.). Eingebettete Inhalte von anderen Websites verhalten sich exakt so, als ob der Besucher die andere Website besucht h\u00e4tte.<\/p>\n\n\n\n<p>Diese Websites k\u00f6nnen Daten \u00fcber dich sammeln, Cookies benutzen, zus\u00e4tzliche Tracking-Dienste von Dritten einbetten und deine Interaktion mit diesem eingebetteten Inhalt aufzeichnen, inklusive deiner Interaktion mit dem eingebetteten Inhalt, falls du ein Konto hast und auf dieser Website angemeldet bist.<\/p>\n\n\n\n<h2 class=\"wp-block-heading\">Mit wem wir deine Daten teilen<\/h2>\n\n\n\n<p>Wenn du eine Zur\u00fccksetzung des Passworts beantragst, wird deine IP-Adresse in der E-Mail zur Zur\u00fccksetzung enthalten sein.<\/p>\n\n\n\n<h2 class=\"wp-block-heading\">Wie lange wir deine Daten speichern<\/h2>\n\n\n\n<p>Wenn du einen Kommentar schreibst, wird dieser inklusive Metadaten zeitlich unbegrenzt gespeichert. Auf diese Art k\u00f6nnen wir Folgekommentare automatisch erkennen und freigeben, anstatt sie in einer Moderations-Warteschlange festzuhalten.<\/p>\n\n\n\n<p>F\u00fcr Benutzer, die sich auf unserer Website registrieren, speichern wir zus\u00e4tzlich die pers\u00f6nlichen Informationen, die sie in ihren Benutzerprofilen angeben. Alle Benutzer k\u00f6nnen jederzeit ihre pers\u00f6nlichen Informationen einsehen, ver\u00e4ndern oder l\u00f6schen (der Benutzername kann nicht ver\u00e4ndert werden). Administratoren der Website k\u00f6nnen diese Informationen ebenfalls einsehen und ver\u00e4ndern.<\/p>\n\n\n\n<h2 class=\"wp-block-heading\">Welche Rechte du an deinen Daten hast<\/h2>\n\n\n\n<p>Wenn du ein Konto auf dieser Website besitzt oder Kommentare geschrieben hast, kannst du einen Export deiner personenbezogenen Daten bei uns anfordern, inklusive aller Daten, die du uns mitgeteilt hast. Dar\u00fcber hinaus kannst du die L\u00f6schung aller personenbezogenen Daten, die wir von dir gespeichert haben, anfordern. Dies umfasst nicht die Daten, die wir aufgrund administrativer, rechtlicher oder sicherheitsrelevanter Notwendigkeiten aufbewahren m\u00fcssen.<\/p>\n\n\n\n<h2 class=\"wp-block-heading\">Wohin deine Daten gesendet werden<\/h2>\n\n\n\n<p>Besucher-Kommentare k\u00f6nnten von einem automatisierten Dienst zur Spam-Erkennung untersucht werden.<\/p>\n","protected":false},"excerpt":{"rendered":"<p>Wer wir sind Eine private Webseite! Sollten Attraktionen oder spezielle Orte, wie zum Beispiel Campingpl\u00e4tze erw\u00e4hnt werden, geschieht dies aus freien St\u00fccken und ohne Gegenleistungen der jeweiligen Einrichtung. Wir\u00a0verfolgen hier keinerlei kommerzielle, wirtschaftliche oder politische Ziele. Die Adresse unserer Website lautet: https:\/\/nordic-camper.de (vormals https:\/\/blog.wagner.nu) Kontakt: kontakt(at)nordic-camper.de Bildrechte Die gesamten Bildinhalte innerhalb dieser Internetpr\u00e4senz&nbsp;unterliegen, soweit&#8230;<\/p>\n<p class=\"read-more\"><a class=\"btn btn-default\" href=\"https:\/\/nordic-camper.de\/?page_id=3\"> Mehr lesen<span class=\"screen-reader-text\">  Mehr lesen<\/span><\/a><\/p>\n","protected":false},"author":3,"featured_media":0,"parent":0,"menu_order":0,"comment_status":"closed","ping_status":"closed","template":"template-no-sidebar.php","meta":{"footnotes":""},"class_list":["post-3","page","type-page","status-publish","hentry"],"_links":{"self":[{"href":"https:\/\/nordic-camper.de\/index.php?rest_route=\/wp\/v2\/pages\/3","targetHints":{"allow":["GET"]}}],"collection":[{"href":"https:\/\/nordic-camper.de\/index.php?rest_route=\/wp\/v2\/pages"}],"about":[{"href":"https:\/\/nordic-camper.de\/index.php?rest_route=\/wp\/v2\/types\/page"}],"author":[{"embeddable":true,"href":"https:\/\/nordic-camper.de\/index.php?rest_route=\/wp\/v2\/users\/3"}],"replies":[{"embeddable":true,"href":"https:\/\/nordic-camper.de\/index.php?rest_route=%2Fwp%2Fv2%2Fcomments&post=3"}],"version-history":[{"count":24,"href":"https:\/\/nordic-camper.de\/index.php?rest_route=\/wp\/v2\/pages\/3\/revisions"}],"predecessor-version":[{"id":1959,"href":"https:\/\/nordic-camper.de\/index.php?rest_route=\/wp\/v2\/pages\/3\/revisions\/1959"}],"wp:attachment":[{"href":"https:\/\/nordic-camper.de\/index.php?rest_route=%2Fwp%2Fv2%2Fmedia&parent=3"}],"curies":[{"name":"wp","href":"https:\/\/api.w.org\/{rel}","templated":true}]}}