{"id":924,"date":"2024-02-18T14:03:53","date_gmt":"2024-02-18T13:03:53","guid":{"rendered":"https:\/\/nordic-camper.de\/?page_id=924"},"modified":"2024-12-27T19:18:41","modified_gmt":"2024-12-27T18:18:41","slug":"mai-2024-weida","status":"publish","type":"page","link":"https:\/\/nordic-camper.de\/?page_id=924","title":{"rendered":"Mai 2024 &#8211; Weida"},"content":{"rendered":"\n<hr class=\"wp-block-separator has-alpha-channel-opacity\"\/>\n\n\n\n<h2 class=\"wp-block-heading\">2 TAGE NOCH.<\/h2>\n\n\n\n<h5 class=\"wp-block-heading\">6. Mai 2024<\/h5>\n\n\n\n<p>\u2026 dann gehts los.<\/p>\n\n\n\n<p>Letzte Vorbereitungen m\u00fcssen noch getroffen werden -da der Weg aber diesmal nur gut eine Stunde betr\u00e4gt, sehen wir alles ganz gelassen.<\/p>\n\n\n\n<hr class=\"wp-block-separator has-alpha-channel-opacity\"\/>\n\n\n\n<h2 class=\"wp-block-heading\">ANGEKOMMEN.<\/h2>\n\n\n\n<h5 class=\"wp-block-heading\">8. Mai 2024<\/h5>\n\n\n\n<p>Nach ca. 1h Fahrt und etlichen Umleitungen sind wir angekommen.<\/p>\n\n\n\n<p>Nun schon zum 3. Mal besuchen wir diesen Campingplatz, werden wieder herzlich empfangen.<\/p>\n\n\n\n<p>Routiniert schlagen wir unsere \u201eZelte\u201c auf, noch fix einkaufen in Weida und schon kann der Kurzurlaub beginnen. F\u00fcr Morgen stehen 20 Grad in der Wetter-App und viel Sonne. Die N\u00e4chte sollen mit 5 Grad noch recht frisch werden.<\/p>\n\n\n<div class=\"wp-block-image\">\n<figure class=\"aligncenter\"><img loading=\"lazy\" decoding=\"async\" width=\"500\" height=\"375\" src=\"https:\/\/nordic-camper.de\/wp-content\/uploads\/2024\/05\/IMG_4206.jpg\" alt=\"\" class=\"wp-image-1112\" srcset=\"https:\/\/nordic-camper.de\/wp-content\/uploads\/2024\/05\/IMG_4206.jpg 500w, https:\/\/nordic-camper.de\/wp-content\/uploads\/2024\/05\/IMG_4206-300x225.jpg 300w, https:\/\/nordic-camper.de\/wp-content\/uploads\/2024\/05\/IMG_4206-360x270.jpg 360w\" sizes=\"auto, (max-width: 500px) 100vw, 500px\" \/><\/figure>\n<\/div>\n\n\n<hr class=\"wp-block-separator has-alpha-channel-opacity\"\/>\n\n\n\n<h2 class=\"wp-block-heading\">SONNE, WIE VERSPROCHEN.<\/h2>\n\n\n\n<h5 class=\"wp-block-heading\">9. Mai 2024<\/h5>\n\n\n\n<p>Der Wetterbericht hat Wort gehalten, somit konnten wir bereits zum Fr\u00fchst\u00fcck in der Sonne sitzen. Nach einem faulem Vormittag, haben wir noch eine kleine Runde gemacht. Die 2,5 km waren dank der bekannten Wege schnell erledigt. Ein paar Schnappsch\u00fcsse konnte wir trotzdem machen, wenn auch nur mit dem Telefon.<\/p>\n\n\n\n<p>Viel wird wohl dann heute auch nicht mehr passieren, die Tage hier, nutzen wir sehr ausf\u00fchrlich zum \u201eNichtstun\u201c.<\/p>\n\n\n<div class=\"wp-block-image\">\n<figure class=\"aligncenter\"><img loading=\"lazy\" decoding=\"async\" width=\"500\" height=\"667\" src=\"https:\/\/nordic-camper.de\/wp-content\/uploads\/2024\/05\/IMG_2193.jpg\" alt=\"\" class=\"wp-image-1117\" srcset=\"https:\/\/nordic-camper.de\/wp-content\/uploads\/2024\/05\/IMG_2193.jpg 500w, https:\/\/nordic-camper.de\/wp-content\/uploads\/2024\/05\/IMG_2193-225x300.jpg 225w, https:\/\/nordic-camper.de\/wp-content\/uploads\/2024\/05\/IMG_2193-202x270.jpg 202w\" sizes=\"auto, (max-width: 500px) 100vw, 500px\" \/><\/figure>\n<\/div>\n\n<div class=\"wp-block-image\">\n<figure class=\"aligncenter\"><img loading=\"lazy\" decoding=\"async\" width=\"500\" height=\"667\" src=\"https:\/\/nordic-camper.de\/wp-content\/uploads\/2024\/05\/IMG_2195.jpg\" alt=\"\" class=\"wp-image-1118\" srcset=\"https:\/\/nordic-camper.de\/wp-content\/uploads\/2024\/05\/IMG_2195.jpg 500w, https:\/\/nordic-camper.de\/wp-content\/uploads\/2024\/05\/IMG_2195-225x300.jpg 225w, https:\/\/nordic-camper.de\/wp-content\/uploads\/2024\/05\/IMG_2195-202x270.jpg 202w\" sizes=\"auto, (max-width: 500px) 100vw, 500px\" \/><\/figure>\n<\/div>\n\n<div class=\"wp-block-image\">\n<figure class=\"aligncenter\"><img loading=\"lazy\" decoding=\"async\" width=\"500\" height=\"667\" src=\"https:\/\/nordic-camper.de\/wp-content\/uploads\/2024\/05\/IMG_4202.jpg\" alt=\"\" class=\"wp-image-1119\" srcset=\"https:\/\/nordic-camper.de\/wp-content\/uploads\/2024\/05\/IMG_4202.jpg 500w, https:\/\/nordic-camper.de\/wp-content\/uploads\/2024\/05\/IMG_4202-225x300.jpg 225w, https:\/\/nordic-camper.de\/wp-content\/uploads\/2024\/05\/IMG_4202-202x270.jpg 202w\" sizes=\"auto, (max-width: 500px) 100vw, 500px\" \/><\/figure>\n<\/div>\n\n<div class=\"wp-block-image\">\n<figure class=\"aligncenter\"><img loading=\"lazy\" decoding=\"async\" width=\"500\" height=\"375\" src=\"https:\/\/nordic-camper.de\/wp-content\/uploads\/2024\/05\/IMG_2196.jpg\" alt=\"\" class=\"wp-image-1120\" srcset=\"https:\/\/nordic-camper.de\/wp-content\/uploads\/2024\/05\/IMG_2196.jpg 500w, https:\/\/nordic-camper.de\/wp-content\/uploads\/2024\/05\/IMG_2196-300x225.jpg 300w, https:\/\/nordic-camper.de\/wp-content\/uploads\/2024\/05\/IMG_2196-360x270.jpg 360w\" sizes=\"auto, (max-width: 500px) 100vw, 500px\" \/><\/figure>\n<\/div>\n\n<div class=\"wp-block-image\">\n<figure class=\"aligncenter\"><img loading=\"lazy\" decoding=\"async\" width=\"500\" height=\"375\" src=\"https:\/\/nordic-camper.de\/wp-content\/uploads\/2024\/05\/IMG_4205.jpg\" alt=\"\" class=\"wp-image-1121\" srcset=\"https:\/\/nordic-camper.de\/wp-content\/uploads\/2024\/05\/IMG_4205.jpg 500w, https:\/\/nordic-camper.de\/wp-content\/uploads\/2024\/05\/IMG_4205-300x225.jpg 300w, https:\/\/nordic-camper.de\/wp-content\/uploads\/2024\/05\/IMG_4205-360x270.jpg 360w\" sizes=\"auto, (max-width: 500px) 100vw, 500px\" \/><\/figure>\n<\/div>\n\n<div class=\"wp-block-image\">\n<figure class=\"aligncenter\"><img loading=\"lazy\" decoding=\"async\" width=\"500\" height=\"375\" src=\"https:\/\/nordic-camper.de\/wp-content\/uploads\/2024\/05\/IMG_4209.jpg\" alt=\"\" class=\"wp-image-1122\" srcset=\"https:\/\/nordic-camper.de\/wp-content\/uploads\/2024\/05\/IMG_4209.jpg 500w, https:\/\/nordic-camper.de\/wp-content\/uploads\/2024\/05\/IMG_4209-300x225.jpg 300w, https:\/\/nordic-camper.de\/wp-content\/uploads\/2024\/05\/IMG_4209-360x270.jpg 360w\" sizes=\"auto, (max-width: 500px) 100vw, 500px\" \/><\/figure>\n<\/div>\n\n\n<hr class=\"wp-block-separator has-alpha-channel-opacity\"\/>\n\n\n\n<h2 class=\"wp-block-heading\">DOM. KR\u00c4MERBR\u00dcCKE. ERFURT.<\/h2>\n\n\n\n<h5 class=\"wp-block-heading\"><strong>10. Mai 2024<\/strong><\/h5>\n\n\n\n<p>Wieder einmal meint es das Wetter Anfang Mai gut mit uns. Kurz entschlossen sind wir nach Erfurt gefahren. Wenn man in dieser Stadt ist, kommt man am Dom und der bekannten Kr\u00e4merbr\u00fccke nicht vorbei. So wie wir, nutzen vielen den Br\u00fcckentag und das Wetter zu einem Besuch.<\/p>\n\n\n\n<p>Auf dem Hinweg haben wir auf der Autobahn eine Steinschlag kassiert und die Scheibe hat jetzt einen Riss bis in die Mitte.&nbsp;\ud83d\ude14<\/p>\n\n\n<div class=\"wp-block-image\">\n<figure class=\"aligncenter size-full is-resized\"><img loading=\"lazy\" decoding=\"async\" width=\"500\" height=\"667\" src=\"https:\/\/nordic-camper.de\/wp-content\/uploads\/2024\/05\/IMG_2217.jpg\" alt=\"\" class=\"wp-image-1132\" style=\"width:500px;height:auto\" srcset=\"https:\/\/nordic-camper.de\/wp-content\/uploads\/2024\/05\/IMG_2217.jpg 500w, https:\/\/nordic-camper.de\/wp-content\/uploads\/2024\/05\/IMG_2217-225x300.jpg 225w, https:\/\/nordic-camper.de\/wp-content\/uploads\/2024\/05\/IMG_2217-202x270.jpg 202w\" sizes=\"auto, (max-width: 500px) 100vw, 500px\" \/><\/figure>\n<\/div>\n\n<div class=\"wp-block-image\">\n<figure class=\"aligncenter size-full\"><img loading=\"lazy\" decoding=\"async\" width=\"500\" height=\"667\" src=\"https:\/\/nordic-camper.de\/wp-content\/uploads\/2024\/05\/IMG_2224.jpg\" alt=\"\" class=\"wp-image-1133\" srcset=\"https:\/\/nordic-camper.de\/wp-content\/uploads\/2024\/05\/IMG_2224.jpg 500w, https:\/\/nordic-camper.de\/wp-content\/uploads\/2024\/05\/IMG_2224-225x300.jpg 225w, https:\/\/nordic-camper.de\/wp-content\/uploads\/2024\/05\/IMG_2224-202x270.jpg 202w\" sizes=\"auto, (max-width: 500px) 100vw, 500px\" \/><\/figure>\n<\/div>\n\n<div class=\"wp-block-image\">\n<figure class=\"aligncenter size-full\"><img loading=\"lazy\" decoding=\"async\" width=\"500\" height=\"667\" src=\"https:\/\/nordic-camper.de\/wp-content\/uploads\/2024\/05\/IMG_2218.jpg\" alt=\"\" class=\"wp-image-1134\" srcset=\"https:\/\/nordic-camper.de\/wp-content\/uploads\/2024\/05\/IMG_2218.jpg 500w, https:\/\/nordic-camper.de\/wp-content\/uploads\/2024\/05\/IMG_2218-225x300.jpg 225w, https:\/\/nordic-camper.de\/wp-content\/uploads\/2024\/05\/IMG_2218-202x270.jpg 202w\" sizes=\"auto, (max-width: 500px) 100vw, 500px\" \/><\/figure>\n<\/div>\n\n<div class=\"wp-block-image\">\n<figure class=\"aligncenter size-full\"><img loading=\"lazy\" decoding=\"async\" width=\"500\" height=\"667\" src=\"https:\/\/nordic-camper.de\/wp-content\/uploads\/2024\/05\/IMG_2225.jpg\" alt=\"\" class=\"wp-image-1135\" srcset=\"https:\/\/nordic-camper.de\/wp-content\/uploads\/2024\/05\/IMG_2225.jpg 500w, https:\/\/nordic-camper.de\/wp-content\/uploads\/2024\/05\/IMG_2225-225x300.jpg 225w, https:\/\/nordic-camper.de\/wp-content\/uploads\/2024\/05\/IMG_2225-202x270.jpg 202w\" sizes=\"auto, (max-width: 500px) 100vw, 500px\" \/><\/figure>\n<\/div>\n\n<div class=\"wp-block-image\">\n<figure class=\"aligncenter size-full\"><img loading=\"lazy\" decoding=\"async\" width=\"500\" height=\"375\" src=\"https:\/\/nordic-camper.de\/wp-content\/uploads\/2024\/05\/IMG_2232.jpg\" alt=\"\" class=\"wp-image-1136\" srcset=\"https:\/\/nordic-camper.de\/wp-content\/uploads\/2024\/05\/IMG_2232.jpg 500w, https:\/\/nordic-camper.de\/wp-content\/uploads\/2024\/05\/IMG_2232-300x225.jpg 300w, https:\/\/nordic-camper.de\/wp-content\/uploads\/2024\/05\/IMG_2232-360x270.jpg 360w\" sizes=\"auto, (max-width: 500px) 100vw, 500px\" \/><\/figure>\n<\/div>\n\n<div class=\"wp-block-image\">\n<figure class=\"aligncenter size-full\"><img loading=\"lazy\" decoding=\"async\" width=\"500\" height=\"667\" src=\"https:\/\/nordic-camper.de\/wp-content\/uploads\/2024\/05\/IMG_2236.jpg\" alt=\"\" class=\"wp-image-1137\" srcset=\"https:\/\/nordic-camper.de\/wp-content\/uploads\/2024\/05\/IMG_2236.jpg 500w, https:\/\/nordic-camper.de\/wp-content\/uploads\/2024\/05\/IMG_2236-225x300.jpg 225w, https:\/\/nordic-camper.de\/wp-content\/uploads\/2024\/05\/IMG_2236-202x270.jpg 202w\" sizes=\"auto, (max-width: 500px) 100vw, 500px\" \/><\/figure>\n<\/div>\n\n<div class=\"wp-block-image\">\n<figure class=\"aligncenter size-full is-resized\"><img loading=\"lazy\" decoding=\"async\" width=\"500\" height=\"667\" src=\"https:\/\/nordic-camper.de\/wp-content\/uploads\/2024\/05\/IMG_2239.jpg\" alt=\"\" class=\"wp-image-1138\" style=\"width:500px;height:auto\" srcset=\"https:\/\/nordic-camper.de\/wp-content\/uploads\/2024\/05\/IMG_2239.jpg 500w, https:\/\/nordic-camper.de\/wp-content\/uploads\/2024\/05\/IMG_2239-225x300.jpg 225w, https:\/\/nordic-camper.de\/wp-content\/uploads\/2024\/05\/IMG_2239-202x270.jpg 202w\" sizes=\"auto, (max-width: 500px) 100vw, 500px\" \/><\/figure>\n<\/div>\n\n\n<hr class=\"wp-block-separator has-alpha-channel-opacity\"\/>\n\n\n\n<h2 class=\"wp-block-heading\">ES WERDE (POLAR)LICHT.<\/h2>\n\n\n\n<h5 class=\"wp-block-heading\"><strong>11. Mai 2024<\/strong><\/h5>\n\n\n\n<p>Was war den das bitte gestern f\u00fcr ein Anblick!<\/p>\n\n\n\n<p>Zun\u00e4chst machte es auf dem Handy \u201ePing\u201c und die Auroa-App gab uns Bescheid, dass heute die Chancen, Polarlichter sehen zu k\u00f6nnen, sehr hoch sein w\u00fcrden. 13% Wahrscheinlichkeit. Der KP-Wert \u00fcber 6. Da das Wetter passte, sind wir doch noch einmal los auf einen Berg \u2013 die Zufahrtsstra\u00dfe zum Campingplatz war perfekt. Es war noch etwas hell, wir warteten dennoch geduldig. Durch die Tipps einer Urlaubsbekanntschaft aus dem letzten Urlaub in Schweden, wussten wir, auf welche Anzeichen wir zu achten hatten.<\/p>\n\n\n<div class=\"wp-block-image\">\n<figure class=\"aligncenter size-full\"><img loading=\"lazy\" decoding=\"async\" width=\"500\" height=\"375\" src=\"https:\/\/nordic-camper.de\/wp-content\/uploads\/2024\/05\/IMG_2251.jpg\" alt=\"\" class=\"wp-image-1142\" srcset=\"https:\/\/nordic-camper.de\/wp-content\/uploads\/2024\/05\/IMG_2251.jpg 500w, https:\/\/nordic-camper.de\/wp-content\/uploads\/2024\/05\/IMG_2251-300x225.jpg 300w, https:\/\/nordic-camper.de\/wp-content\/uploads\/2024\/05\/IMG_2251-360x270.jpg 360w\" sizes=\"auto, (max-width: 500px) 100vw, 500px\" \/><\/figure>\n<\/div>\n\n<div class=\"wp-block-image\">\n<figure class=\"aligncenter size-full\"><img loading=\"lazy\" decoding=\"async\" width=\"500\" height=\"375\" src=\"https:\/\/nordic-camper.de\/wp-content\/uploads\/2024\/05\/IMG_2247.jpg\" alt=\"\" class=\"wp-image-1141\" srcset=\"https:\/\/nordic-camper.de\/wp-content\/uploads\/2024\/05\/IMG_2247.jpg 500w, https:\/\/nordic-camper.de\/wp-content\/uploads\/2024\/05\/IMG_2247-300x225.jpg 300w, https:\/\/nordic-camper.de\/wp-content\/uploads\/2024\/05\/IMG_2247-360x270.jpg 360w\" sizes=\"auto, (max-width: 500px) 100vw, 500px\" \/><\/figure>\n<\/div>\n\n\n<p>Ein erster, sehr unscheinbarer Schleier tat sich auf. Mit blo\u00dfem Auge kaum zu sehen, aber durch die Handykamera ergab sich eine gewisse Vorstellung, mehr aber auch nicht. Wir waren der festen \u00dcberzeugung, dass es das nun gewesen ist. Die App aber meldete sich erneut! KP Wert 8 und Chance 15%. Wir wechselten den Standort und gingen zur\u00fcck zum Wohnwagen. Dort angekommen und fast schon im Bett, drehten wir unsere K\u00f6pfe doch noch einmal Richtung Himmel. Und was soll man sagen \u2026<\/p>\n\n\n<div class=\"wp-block-image\">\n<figure class=\"aligncenter size-full\"><img loading=\"lazy\" decoding=\"async\" width=\"500\" height=\"667\" src=\"https:\/\/nordic-camper.de\/wp-content\/uploads\/2024\/05\/IMG_2257.jpg\" alt=\"\" class=\"wp-image-1143\" srcset=\"https:\/\/nordic-camper.de\/wp-content\/uploads\/2024\/05\/IMG_2257.jpg 500w, https:\/\/nordic-camper.de\/wp-content\/uploads\/2024\/05\/IMG_2257-225x300.jpg 225w, https:\/\/nordic-camper.de\/wp-content\/uploads\/2024\/05\/IMG_2257-202x270.jpg 202w\" sizes=\"auto, (max-width: 500px) 100vw, 500px\" \/><\/figure>\n<\/div>\n\n<div class=\"wp-block-image\">\n<figure class=\"aligncenter size-full\"><img loading=\"lazy\" decoding=\"async\" width=\"500\" height=\"667\" src=\"https:\/\/nordic-camper.de\/wp-content\/uploads\/2024\/05\/IMG_2260.jpg\" alt=\"\" class=\"wp-image-1144\" srcset=\"https:\/\/nordic-camper.de\/wp-content\/uploads\/2024\/05\/IMG_2260.jpg 500w, https:\/\/nordic-camper.de\/wp-content\/uploads\/2024\/05\/IMG_2260-225x300.jpg 225w, https:\/\/nordic-camper.de\/wp-content\/uploads\/2024\/05\/IMG_2260-202x270.jpg 202w\" sizes=\"auto, (max-width: 500px) 100vw, 500px\" \/><\/figure>\n<\/div>\n\n\n<p>Was wir dort sehen durften war wahrlich magisch und beindruckend! Wir wurden nicht entt\u00e4uscht!<\/p>\n\n\n<div class=\"wp-block-image\">\n<figure class=\"aligncenter size-full\"><img loading=\"lazy\" decoding=\"async\" width=\"500\" height=\"375\" src=\"https:\/\/nordic-camper.de\/wp-content\/uploads\/2024\/05\/IMG_2268.jpg\" alt=\"\" class=\"wp-image-1145\" srcset=\"https:\/\/nordic-camper.de\/wp-content\/uploads\/2024\/05\/IMG_2268.jpg 500w, https:\/\/nordic-camper.de\/wp-content\/uploads\/2024\/05\/IMG_2268-300x225.jpg 300w, https:\/\/nordic-camper.de\/wp-content\/uploads\/2024\/05\/IMG_2268-360x270.jpg 360w\" sizes=\"auto, (max-width: 500px) 100vw, 500px\" \/><\/figure>\n<\/div>\n\n<div class=\"wp-block-image\">\n<figure class=\"aligncenter size-full\"><img loading=\"lazy\" decoding=\"async\" width=\"500\" height=\"375\" src=\"https:\/\/nordic-camper.de\/wp-content\/uploads\/2024\/05\/IMG_2273.jpg\" alt=\"\" class=\"wp-image-1146\" srcset=\"https:\/\/nordic-camper.de\/wp-content\/uploads\/2024\/05\/IMG_2273.jpg 500w, https:\/\/nordic-camper.de\/wp-content\/uploads\/2024\/05\/IMG_2273-300x225.jpg 300w, https:\/\/nordic-camper.de\/wp-content\/uploads\/2024\/05\/IMG_2273-360x270.jpg 360w\" sizes=\"auto, (max-width: 500px) 100vw, 500px\" \/><\/figure>\n<\/div>\n\n<div class=\"wp-block-image\">\n<figure class=\"aligncenter size-full\"><img loading=\"lazy\" decoding=\"async\" width=\"500\" height=\"375\" src=\"https:\/\/nordic-camper.de\/wp-content\/uploads\/2024\/05\/IMG_2288.jpg\" alt=\"\" class=\"wp-image-1147\" srcset=\"https:\/\/nordic-camper.de\/wp-content\/uploads\/2024\/05\/IMG_2288.jpg 500w, https:\/\/nordic-camper.de\/wp-content\/uploads\/2024\/05\/IMG_2288-300x225.jpg 300w, https:\/\/nordic-camper.de\/wp-content\/uploads\/2024\/05\/IMG_2288-360x270.jpg 360w\" sizes=\"auto, (max-width: 500px) 100vw, 500px\" \/><\/figure>\n<\/div>\n\n<div class=\"wp-block-image\">\n<figure class=\"aligncenter size-full\"><img loading=\"lazy\" decoding=\"async\" width=\"500\" height=\"375\" src=\"https:\/\/nordic-camper.de\/wp-content\/uploads\/2024\/05\/IMG_2298.jpg\" alt=\"\" class=\"wp-image-1148\" srcset=\"https:\/\/nordic-camper.de\/wp-content\/uploads\/2024\/05\/IMG_2298.jpg 500w, https:\/\/nordic-camper.de\/wp-content\/uploads\/2024\/05\/IMG_2298-300x225.jpg 300w, https:\/\/nordic-camper.de\/wp-content\/uploads\/2024\/05\/IMG_2298-360x270.jpg 360w\" sizes=\"auto, (max-width: 500px) 100vw, 500px\" \/><\/figure>\n<\/div>\n\n\n<p>Was f\u00fcr ein Schauspiel! Und das in unseren Breitengraden. Die Bilder sind unbearbeitet im Nachtmodus aufgenommen. Das blo\u00dfe Auge kann die Farben nicht so deutlich, aber dennoch kr\u00e4ftig genug wahrnehmen. In der App h\u00e4ufen sich inzwischen die Sichtungen, die Karte ist voll mit Stecknadeln der gesichteten Polarlichter. Es ist so unwirklich und dennoch wahr. Wahnsinn, was die Natur alles so kann. Vor allem, wenn man es das erste Mal sieht. Wir sp\u00fcren tiefe Dankbarkeit, diesen Moment (der \u00fcbrigens mindestens 45 Minuten anhielt) mit den Kindern genie\u00dfen zu k\u00f6nnen.<\/p>\n\n\n\n<p>Die Chance nochmals Polarlichter zu sehen, soll wohl die ganze Woche \u00fcber noch recht hoch sein. Wir sind auf jeden Fall wachsam \u2026<\/p>\n\n\n\n<hr class=\"wp-block-separator has-alpha-channel-opacity\"\/>\n\n\n\n<h2 class=\"wp-block-heading\">FAULENZERTAG.<\/h2>\n\n\n\n<h5 class=\"wp-block-heading\">11. Mai 2024<\/h5>\n\n\n\n<p>Heute haben wir dem \u201eNichtstun\u201c wieder alle Ehre gemacht. Naja nicht ganz, neben viel Federball spielen und UNO, gab es noch einige Runden \u201eStadt, Land, Vollpfosten\u201c.&nbsp;<\/p>\n\n\n\n<p>Nach Polarlichtern haben wir auch nochmal Ausschau gehalten, aber die Wahrscheinlichkeit war dann doch 0%. Es w\u00e4re ja auch echt der Oberhammer, dies an 2 Tage in Folge beobachten zu d\u00fcrfen. Man darf ja auch nicht vergessen, wo wir uns geographisch befinden. Da war gestern schon echt sensationell.&nbsp;<\/p>\n\n\n\n<p>Eine Nacht haben wir jetzt noch, dann m\u00fcssen wir leider erstmal wieder nach Hause fahren und arbeiten gehen. Am kommenden Freitag kommen wir aber zur\u00fcck. Unseren Wohni lassen wir derweil auf dem Stellplatz stehen.&nbsp;<\/p>\n\n\n\n<hr class=\"wp-block-separator has-alpha-channel-opacity\"\/>\n\n\n\n<h2 class=\"wp-block-heading\">WIEDER DA.<\/h2>\n\n\n\n<h5 class=\"wp-block-heading\">17. Mai 2024<\/h5>\n\n\n\n<p>Nach einer Arbeitswoche sind wir zu unserem Platz in Weida zur\u00fcckgekommen und verbringen nun die Pfingstage hier.<\/p>\n\n\n\n<p>Da der Wohnwagen noch fertig aufgebaut auf dem Platz stand, war alles schnell wieder in Betrieb. Gas auf, Wasser auff\u00fcllen und fertig.<\/p>\n\n\n\n<p>Das Wetter ist aktuell nicht so gut, aber der gro\u00dfe Regen scheint vorbeigezogen zusein.<\/p>\n\n\n\n<p>Aber egal, morgen wird\u2019s bestimmt wieder besser.&nbsp;<\/p>\n\n\n\n<hr class=\"wp-block-separator has-alpha-channel-opacity\"\/>\n\n\n\n<h2 class=\"wp-block-heading\">BAYREUTH.<\/h2>\n\n\n\n<h5 class=\"wp-block-heading\">18. Mai 2024<\/h5>\n\n\n\n<p>Da das Wetter heute nicht zum verweilen einlud, haben wir kurzer Hand beschlo\u00dfen, nach Bayreuth zu fahren. Hier waren wir vor ziemlich genau 6 Jahren schon einmal. Wir besuchten wieder das Urzeitmuseum, den Schlossgarten samt anschlie\u00dfendem Park und die Innstadt.<\/p>\n\n\n<div class=\"wp-block-image\">\n<figure class=\"aligncenter\"><img loading=\"lazy\" decoding=\"async\" width=\"500\" height=\"667\" src=\"https:\/\/nordic-camper.de\/wp-content\/uploads\/2024\/05\/IMG_2439.jpg\" alt=\"\" class=\"wp-image-1161\" srcset=\"https:\/\/nordic-camper.de\/wp-content\/uploads\/2024\/05\/IMG_2439.jpg 500w, https:\/\/nordic-camper.de\/wp-content\/uploads\/2024\/05\/IMG_2439-225x300.jpg 225w, https:\/\/nordic-camper.de\/wp-content\/uploads\/2024\/05\/IMG_2439-202x270.jpg 202w\" sizes=\"auto, (max-width: 500px) 100vw, 500px\" \/><\/figure>\n<\/div>\n\n<div class=\"wp-block-image\">\n<figure class=\"aligncenter\"><img loading=\"lazy\" decoding=\"async\" width=\"500\" height=\"667\" src=\"https:\/\/nordic-camper.de\/wp-content\/uploads\/2024\/05\/IMG_2450.jpg\" alt=\"\" class=\"wp-image-1162\" srcset=\"https:\/\/nordic-camper.de\/wp-content\/uploads\/2024\/05\/IMG_2450.jpg 500w, https:\/\/nordic-camper.de\/wp-content\/uploads\/2024\/05\/IMG_2450-225x300.jpg 225w, https:\/\/nordic-camper.de\/wp-content\/uploads\/2024\/05\/IMG_2450-202x270.jpg 202w\" sizes=\"auto, (max-width: 500px) 100vw, 500px\" \/><\/figure>\n<\/div>\n\n<div class=\"wp-block-image\">\n<figure class=\"aligncenter\"><img loading=\"lazy\" decoding=\"async\" width=\"500\" height=\"667\" src=\"https:\/\/nordic-camper.de\/wp-content\/uploads\/2024\/05\/IMG_2435.jpg\" alt=\"\" class=\"wp-image-1165\" srcset=\"https:\/\/nordic-camper.de\/wp-content\/uploads\/2024\/05\/IMG_2435.jpg 500w, https:\/\/nordic-camper.de\/wp-content\/uploads\/2024\/05\/IMG_2435-225x300.jpg 225w, https:\/\/nordic-camper.de\/wp-content\/uploads\/2024\/05\/IMG_2435-202x270.jpg 202w\" sizes=\"auto, (max-width: 500px) 100vw, 500px\" \/><\/figure>\n<\/div>\n\n\n<p>Auf dem R\u00fcckweg hielten wir dann noch im Tierpark R\u00f6hrensee -ein sehr sch\u00f6n angelegter Park mit einem Rundweg, einem gro\u00dfem Spielplatz, Blumen und nat\u00fcrlich allerlei Getier auf 2 oder 4 Beinen.<\/p>\n\n\n<div class=\"wp-block-image\">\n<figure class=\"aligncenter\"><img loading=\"lazy\" decoding=\"async\" width=\"500\" height=\"667\" src=\"https:\/\/nordic-camper.de\/wp-content\/uploads\/2024\/05\/IMG_2456.jpg\" alt=\"\" class=\"wp-image-1163\" srcset=\"https:\/\/nordic-camper.de\/wp-content\/uploads\/2024\/05\/IMG_2456.jpg 500w, https:\/\/nordic-camper.de\/wp-content\/uploads\/2024\/05\/IMG_2456-225x300.jpg 225w, https:\/\/nordic-camper.de\/wp-content\/uploads\/2024\/05\/IMG_2456-202x270.jpg 202w\" sizes=\"auto, (max-width: 500px) 100vw, 500px\" \/><\/figure>\n<\/div>\n\n<div class=\"wp-block-image\">\n<figure class=\"aligncenter\"><img loading=\"lazy\" decoding=\"async\" width=\"500\" height=\"667\" src=\"https:\/\/nordic-camper.de\/wp-content\/uploads\/2024\/05\/IMG_2458.jpg\" alt=\"\" class=\"wp-image-1164\" srcset=\"https:\/\/nordic-camper.de\/wp-content\/uploads\/2024\/05\/IMG_2458.jpg 500w, https:\/\/nordic-camper.de\/wp-content\/uploads\/2024\/05\/IMG_2458-225x300.jpg 225w, https:\/\/nordic-camper.de\/wp-content\/uploads\/2024\/05\/IMG_2458-202x270.jpg 202w\" sizes=\"auto, (max-width: 500px) 100vw, 500px\" \/><\/figure>\n<\/div>\n\n\n<p>Der Park ist kostenlos und so wie die Stadt selbst, auf jeden Fall einen Besuch wert.<\/p>\n\n\n\n<hr class=\"wp-block-separator has-alpha-channel-opacity\"\/>\n\n\n\n<h2 class=\"wp-block-heading\">FREIZEIT.<\/h2>\n\n\n\n<h5 class=\"wp-block-heading\">19. Mai 2024<\/h5>\n\n\n\n<p>Da das Wetter etwas durchwachsen ist, und wir gerade alle ziemlich faul sind, machen wir mal wieder nichts \u2026 auch sch\u00f6n! Die Beiden verl\u00e4ngerten Wochenenden vergingen wieder viel zu schnell, aber bald schon gehts ja weiter.<\/p>\n\n\n\n<p>N\u00e4chste Jahr kommen wir auf jeden Fall wieder!<\/p>\n","protected":false},"excerpt":{"rendered":"<p>2 TAGE NOCH. 6. Mai 2024 \u2026 dann gehts los. Letzte Vorbereitungen m\u00fcssen noch getroffen werden -da der Weg aber diesmal nur gut eine Stunde betr\u00e4gt, sehen wir alles ganz gelassen. ANGEKOMMEN. 8. Mai 2024 Nach ca. 1h Fahrt und etlichen Umleitungen sind wir angekommen. Nun schon zum 3. Mal besuchen wir diesen Campingplatz,&#8230;<\/p>\n<p class=\"read-more\"><a class=\"btn btn-default\" href=\"https:\/\/nordic-camper.de\/?page_id=924\"> Mehr lesen<span class=\"screen-reader-text\">  Mehr lesen<\/span><\/a><\/p>\n","protected":false},"author":3,"featured_media":0,"parent":0,"menu_order":0,"comment_status":"closed","ping_status":"closed","template":"template-no-sidebar.php","meta":{"footnotes":""},"class_list":["post-924","page","type-page","status-publish","hentry"],"_links":{"self":[{"href":"https:\/\/nordic-camper.de\/index.php?rest_route=\/wp\/v2\/pages\/924","targetHints":{"allow":["GET"]}}],"collection":[{"href":"https:\/\/nordic-camper.de\/index.php?rest_route=\/wp\/v2\/pages"}],"about":[{"href":"https:\/\/nordic-camper.de\/index.php?rest_route=\/wp\/v2\/types\/page"}],"author":[{"embeddable":true,"href":"https:\/\/nordic-camper.de\/index.php?rest_route=\/wp\/v2\/users\/3"}],"replies":[{"embeddable":true,"href":"https:\/\/nordic-camper.de\/index.php?rest_route=%2Fwp%2Fv2%2Fcomments&post=924"}],"version-history":[{"count":21,"href":"https:\/\/nordic-camper.de\/index.php?rest_route=\/wp\/v2\/pages\/924\/revisions"}],"predecessor-version":[{"id":1696,"href":"https:\/\/nordic-camper.de\/index.php?rest_route=\/wp\/v2\/pages\/924\/revisions\/1696"}],"wp:attachment":[{"href":"https:\/\/nordic-camper.de\/index.php?rest_route=%2Fwp%2Fv2%2Fmedia&parent=924"}],"curies":[{"name":"wp","href":"https:\/\/api.w.org\/{rel}","templated":true}]}}